{"id":258,"date":"2014-02-20T11:46:00","date_gmt":"2014-02-20T10:46:00","guid":{"rendered":"https:\/\/voyages.erronda.com\/?page_id=258"},"modified":"2019-02-18T16:50:14","modified_gmt":"2019-02-18T15:50:14","slug":"accueil-2","status":"publish","type":"page","link":"https:\/\/voyages.erronda.com\/en\/","title":{"rendered":"Accueil"},"content":{"rendered":"<p><strong>Erronda c\u2019est, avant tout, une rencontre entre deux passionn\u00e9s du Pays Basque.<\/strong><\/p>\n<p>Cette association a vu le jour autour d\u2019un sport, le rugby. Suite \u00e0 de nombreux \u00e9changes conviviaux et souvent festifs, une m\u00eame volont\u00e9 est n\u00e9e : partager des \u00e9motions intenses autour d\u2019une terre, le Pays Basque.<\/p>\n<p>\u00c0 travers Erronda, notre volont\u00e9 est de vous faire partager les plaisirs de la culture, du sport et de la gastronomie au Pays Basque.<\/p>\n<p>Nous avons imagin\u00e9 une agence de voyage incomparable en conjuguant notre dynamisme et notre expertise afin de cr\u00e9er pour vous des \u00e9v\u00e9nements exceptionnels au c\u0153ur de manifestations majeures du Pays Basque.<\/p>\n","protected":false},"excerpt":{"rendered":"<p>Erronda c\u2019est, avant tout, une rencontre entre deux passionn\u00e9s du Pays Basque. Cette association a vu le jour autour d\u2019un sport, le rugby. Suite \u00e0 [&hellip;]<\/p>\n","protected":false},"author":3,"featured_media":0,"parent":0,"menu_order":2,"comment_status":"closed","ping_status":"closed","template":"","meta":{"_acf_changed":false,"footnotes":""},"class_list":["post-258","page","type-page","status-publish","hentry"],"acf":[],"yoast_head":"<!-- This site is optimized with the Yoast SEO plugin v27.3 - https:\/\/yoast.com\/product\/yoast-seo-wordpress\/ -->\n<title>Erronda \u00c9v\u00e9nements : agence \u00e9v\u00e9nementielle au Pays Basque<\/title>\n<meta name=\"description\" content=\"Agence de voyage au Pays Basque - Vivez des \u00e9motions gastronomiques, culturelles et sportives au Pays Basque . Organisez votre s\u00e9jour Sur Mesure\" \/>\n<meta name=\"robots\" content=\"index, follow, max-snippet:-1, max-image-preview:large, max-video-preview:-1\" \/>\n<link rel=\"canonical\" href=\"https:\/\/voyages.erronda.com\/en\/\" \/>\n<meta property=\"og:locale\" content=\"en_US\" \/>\n<meta property=\"og:type\" content=\"article\" \/>\n<meta property=\"og:title\" content=\"Erronda \u00c9v\u00e9nements : agence \u00e9v\u00e9nementielle au Pays Basque\" \/>\n<meta property=\"og:description\" content=\"Agence de voyage au Pays Basque - Vivez des \u00e9motions gastronomiques, culturelles et sportives au Pays Basque . Organisez votre s\u00e9jour Sur Mesure\" \/>\n<meta property=\"og:url\" content=\"https:\/\/voyages.erronda.com\/en\/\" \/>\n<meta property=\"og:site_name\" content=\"Agence \u00e9v\u00e9nementielle au Pays Basque - Erronda Ev\u00e9nements\" \/>\n<meta property=\"article:modified_time\" content=\"2019-02-18T15:50:14+00:00\" \/>\n<meta name=\"twitter:card\" content=\"summary_large_image\" \/>\n<meta name=\"twitter:label1\" content=\"Est. reading time\" \/>\n\t<meta name=\"twitter:data1\" content=\"1 minute\" \/>\n<script type=\"application\/ld+json\" class=\"yoast-schema-graph\">{\"@context\":\"https:\\\/\\\/schema.org\",\"@graph\":[{\"@type\":\"WebPage\",\"@id\":\"https:\\\/\\\/voyages.erronda.com\\\/en\\\/\",\"url\":\"https:\\\/\\\/voyages.erronda.com\\\/en\\\/\",\"name\":\"Erronda \u00c9v\u00e9nements : agence \u00e9v\u00e9nementielle au Pays Basque\",\"isPartOf\":{\"@id\":\"https:\\\/\\\/voyages.erronda.com\\\/en\\\/#website\"},\"datePublished\":\"2014-02-20T10:46:00+00:00\",\"dateModified\":\"2019-02-18T15:50:14+00:00\",\"description\":\"Agence de voyage au Pays Basque - Vivez des \u00e9motions gastronomiques, culturelles et sportives au Pays Basque . Organisez votre s\u00e9jour Sur Mesure\",\"breadcrumb\":{\"@id\":\"https:\\\/\\\/voyages.erronda.com\\\/en\\\/#breadcrumb\"},\"inLanguage\":\"en-US\",\"potentialAction\":[{\"@type\":\"ReadAction\",\"target\":[[\"https:\\\/\\\/voyages.erronda.com\\\/en\\\/\"]]}]},{\"@type\":\"BreadcrumbList\",\"@id\":\"https:\\\/\\\/voyages.erronda.com\\\/en\\\/#breadcrumb\",\"itemListElement\":[{\"@type\":\"ListItem\",\"position\":1,\"name\":\"Home\",\"item\":\"https:\\\/\\\/voyages.erronda.com\\\/en\\\/\"},{\"@type\":\"ListItem\",\"position\":2,\"name\":\"Accueil\"}]},{\"@type\":\"WebSite\",\"@id\":\"https:\\\/\\\/voyages.erronda.com\\\/en\\\/#website\",\"url\":\"https:\\\/\\\/voyages.erronda.com\\\/en\\\/\",\"name\":\"Agence \u00e9v\u00e9nementielle au Pays Basque - Erronda Ev\u00e9nements\",\"description\":\"Cr\u00e9ateur d\u2019\u00e9v\u00e9nements sportifs, gastronomiques et culturels au Pays Basque\",\"potentialAction\":[{\"@type\":\"SearchAction\",\"target\":{\"@type\":\"EntryPoint\",\"urlTemplate\":\"https:\\\/\\\/voyages.erronda.com\\\/en\\\/?s={search_term_string}\"},\"query-input\":{\"@type\":\"PropertyValueSpecification\",\"valueRequired\":true,\"valueName\":\"search_term_string\"}}],\"inLanguage\":\"en-US\"}]}<\/script>\n<!-- \/ Yoast SEO plugin. -->","yoast_head_json":{"title":"Erronda \u00c9v\u00e9nements : agence \u00e9v\u00e9nementielle au Pays Basque","description":"Agence de voyage au Pays Basque - Vivez des \u00e9motions gastronomiques, culturelles et sportives au Pays Basque . Organisez votre s\u00e9jour Sur Mesure","robots":{"index":"index","follow":"follow","max-snippet":"max-snippet:-1","max-image-preview":"max-image-preview:large","max-video-preview":"max-video-preview:-1"},"canonical":"https:\/\/voyages.erronda.com\/en\/","og_locale":"en_US","og_type":"article","og_title":"Erronda \u00c9v\u00e9nements : agence \u00e9v\u00e9nementielle au Pays Basque","og_description":"Agence de voyage au Pays Basque - Vivez des \u00e9motions gastronomiques, culturelles et sportives au Pays Basque . Organisez votre s\u00e9jour Sur Mesure","og_url":"https:\/\/voyages.erronda.com\/en\/","og_site_name":"Agence \u00e9v\u00e9nementielle au Pays Basque - Erronda Ev\u00e9nements","article_modified_time":"2019-02-18T15:50:14+00:00","twitter_card":"summary_large_image","twitter_misc":{"Est. reading time":"1 minute"},"schema":{"@context":"https:\/\/schema.org","@graph":[{"@type":"WebPage","@id":"https:\/\/voyages.erronda.com\/en\/","url":"https:\/\/voyages.erronda.com\/en\/","name":"Erronda \u00c9v\u00e9nements : agence \u00e9v\u00e9nementielle au Pays Basque","isPartOf":{"@id":"https:\/\/voyages.erronda.com\/en\/#website"},"datePublished":"2014-02-20T10:46:00+00:00","dateModified":"2019-02-18T15:50:14+00:00","description":"Agence de voyage au Pays Basque - Vivez des \u00e9motions gastronomiques, culturelles et sportives au Pays Basque . Organisez votre s\u00e9jour Sur Mesure","breadcrumb":{"@id":"https:\/\/voyages.erronda.com\/en\/#breadcrumb"},"inLanguage":"en-US","potentialAction":[{"@type":"ReadAction","target":[["https:\/\/voyages.erronda.com\/en\/"]]}]},{"@type":"BreadcrumbList","@id":"https:\/\/voyages.erronda.com\/en\/#breadcrumb","itemListElement":[{"@type":"ListItem","position":1,"name":"Home","item":"https:\/\/voyages.erronda.com\/en\/"},{"@type":"ListItem","position":2,"name":"Accueil"}]},{"@type":"WebSite","@id":"https:\/\/voyages.erronda.com\/en\/#website","url":"https:\/\/voyages.erronda.com\/en\/","name":"Agence \u00e9v\u00e9nementielle au Pays Basque - Erronda Ev\u00e9nements","description":"Cr\u00e9ateur d\u2019\u00e9v\u00e9nements sportifs, gastronomiques et culturels au Pays Basque","potentialAction":[{"@type":"SearchAction","target":{"@type":"EntryPoint","urlTemplate":"https:\/\/voyages.erronda.com\/en\/?s={search_term_string}"},"query-input":{"@type":"PropertyValueSpecification","valueRequired":true,"valueName":"search_term_string"}}],"inLanguage":"en-US"}]}},"_links":{"self":[{"href":"https:\/\/voyages.erronda.com\/en\/wp-json\/wp\/v2\/pages\/258","targetHints":{"allow":["GET"]}}],"collection":[{"href":"https:\/\/voyages.erronda.com\/en\/wp-json\/wp\/v2\/pages"}],"about":[{"href":"https:\/\/voyages.erronda.com\/en\/wp-json\/wp\/v2\/types\/page"}],"author":[{"embeddable":true,"href":"https:\/\/voyages.erronda.com\/en\/wp-json\/wp\/v2\/users\/3"}],"replies":[{"embeddable":true,"href":"https:\/\/voyages.erronda.com\/en\/wp-json\/wp\/v2\/comments?post=258"}],"version-history":[{"count":9,"href":"https:\/\/voyages.erronda.com\/en\/wp-json\/wp\/v2\/pages\/258\/revisions"}],"predecessor-version":[{"id":3587,"href":"https:\/\/voyages.erronda.com\/en\/wp-json\/wp\/v2\/pages\/258\/revisions\/3587"}],"wp:attachment":[{"href":"https:\/\/voyages.erronda.com\/en\/wp-json\/wp\/v2\/media?parent=258"}],"curies":[{"name":"wp","href":"https:\/\/api.w.org\/{rel}","templated":true}]}}