{"id":479,"date":"2014-03-06T12:34:41","date_gmt":"2014-03-06T11:34:41","guid":{"rendered":"https:\/\/voyages.erronda.com\/?page_id=479"},"modified":"2019-04-03T10:17:36","modified_gmt":"2019-04-03T08:17:36","slug":"partenaires","status":"publish","type":"page","link":"https:\/\/voyages.erronda.com\/en\/partenaires\/","title":{"rendered":"Partners"},"content":{"rendered":"<p><\/p>\n<\/p>\n<p><\/p>","protected":false},"excerpt":{"rendered":"","protected":false},"author":2,"featured_media":0,"parent":0,"menu_order":6,"comment_status":"closed","ping_status":"closed","template":"","meta":{"_acf_changed":false,"footnotes":""},"class_list":["post-479","page","type-page","status-publish","hentry"],"acf":[],"yoast_head":"<!-- This site is optimized with the Yoast SEO plugin v27.3 - https:\/\/yoast.com\/product\/yoast-seo-wordpress\/ -->\n<title>Partenaires Agence voyage Pays Basque - Erronda<\/title>\n<meta name=\"description\" content=\"L&#039;agence de voyage \u00e9v\u00e9nementielle Erronda au Pays Basque vous pr\u00e9sente ses partenaires pour l&#039;organisation de votre s\u00e9jour &quot;Sur Mesure&quot; au Pays Basque.\" \/>\n<meta name=\"robots\" content=\"index, follow, max-snippet:-1, max-image-preview:large, max-video-preview:-1\" \/>\n<link rel=\"canonical\" href=\"https:\/\/voyages.erronda.com\/en\/francais-partenaires\/\" \/>\n<meta property=\"og:locale\" content=\"en_US\" \/>\n<meta property=\"og:type\" content=\"article\" \/>\n<meta property=\"og:title\" content=\"Partenaires Agence voyage Pays Basque - Erronda\" \/>\n<meta property=\"og:description\" content=\"L&#039;agence de voyage \u00e9v\u00e9nementielle Erronda au Pays Basque vous pr\u00e9sente ses partenaires pour l&#039;organisation de votre s\u00e9jour &quot;Sur Mesure&quot; au Pays Basque.\" \/>\n<meta property=\"og:url\" content=\"https:\/\/voyages.erronda.com\/en\/francais-partenaires\/\" \/>\n<meta property=\"og:site_name\" content=\"Agence \u00e9v\u00e9nementielle au Pays Basque - Erronda Ev\u00e9nements\" \/>\n<meta property=\"article:modified_time\" content=\"2019-04-03T08:17:36+00:00\" \/>\n<meta name=\"twitter:card\" content=\"summary_large_image\" \/>\n<script type=\"application\/ld+json\" class=\"yoast-schema-graph\">{\"@context\":\"https:\\\/\\\/schema.org\",\"@graph\":[{\"@type\":\"WebPage\",\"@id\":\"https:\\\/\\\/voyages.erronda.com\\\/en\\\/francais-partenaires\\\/\",\"url\":\"https:\\\/\\\/voyages.erronda.com\\\/en\\\/francais-partenaires\\\/\",\"name\":\"Partenaires Agence voyage Pays Basque - Erronda\",\"isPartOf\":{\"@id\":\"https:\\\/\\\/voyages.erronda.com\\\/en\\\/#website\"},\"datePublished\":\"2014-03-06T11:34:41+00:00\",\"dateModified\":\"2019-04-03T08:17:36+00:00\",\"description\":\"L'agence de voyage \u00e9v\u00e9nementielle Erronda au Pays Basque vous pr\u00e9sente ses partenaires pour l'organisation de votre s\u00e9jour \\\"Sur Mesure\\\" au Pays Basque.\",\"breadcrumb\":{\"@id\":\"https:\\\/\\\/voyages.erronda.com\\\/en\\\/francais-partenaires\\\/#breadcrumb\"},\"inLanguage\":\"en-US\",\"potentialAction\":[{\"@type\":\"ReadAction\",\"target\":[[\"https:\\\/\\\/voyages.erronda.com\\\/en\\\/francais-partenaires\\\/\"]]}]},{\"@type\":\"BreadcrumbList\",\"@id\":\"https:\\\/\\\/voyages.erronda.com\\\/en\\\/francais-partenaires\\\/#breadcrumb\",\"itemListElement\":[{\"@type\":\"ListItem\",\"position\":1,\"name\":\"Home\",\"item\":\"https:\\\/\\\/voyages.erronda.com\\\/en\\\/\"},{\"@type\":\"ListItem\",\"position\":2,\"name\":\"Patrocinadores\"}]},{\"@type\":\"WebSite\",\"@id\":\"https:\\\/\\\/voyages.erronda.com\\\/en\\\/#website\",\"url\":\"https:\\\/\\\/voyages.erronda.com\\\/en\\\/\",\"name\":\"Agence \u00e9v\u00e9nementielle au Pays Basque - Erronda Ev\u00e9nements\",\"description\":\"Cr\u00e9ateur d\u2019\u00e9v\u00e9nements sportifs, gastronomiques et culturels au Pays Basque\",\"potentialAction\":[{\"@type\":\"SearchAction\",\"target\":{\"@type\":\"EntryPoint\",\"urlTemplate\":\"https:\\\/\\\/voyages.erronda.com\\\/en\\\/?s={search_term_string}\"},\"query-input\":{\"@type\":\"PropertyValueSpecification\",\"valueRequired\":true,\"valueName\":\"search_term_string\"}}],\"inLanguage\":\"en-US\"}]}<\/script>\n<!-- \/ Yoast SEO plugin. -->","yoast_head_json":{"title":"Partenaires Agence voyage Pays Basque - Erronda","description":"L'agence de voyage \u00e9v\u00e9nementielle Erronda au Pays Basque vous pr\u00e9sente ses partenaires pour l'organisation de votre s\u00e9jour \"Sur Mesure\" au Pays Basque.","robots":{"index":"index","follow":"follow","max-snippet":"max-snippet:-1","max-image-preview":"max-image-preview:large","max-video-preview":"max-video-preview:-1"},"canonical":"https:\/\/voyages.erronda.com\/en\/francais-partenaires\/","og_locale":"en_US","og_type":"article","og_title":"Partenaires Agence voyage Pays Basque - Erronda","og_description":"L'agence de voyage \u00e9v\u00e9nementielle Erronda au Pays Basque vous pr\u00e9sente ses partenaires pour l'organisation de votre s\u00e9jour \"Sur Mesure\" au Pays Basque.","og_url":"https:\/\/voyages.erronda.com\/en\/francais-partenaires\/","og_site_name":"Agence \u00e9v\u00e9nementielle au Pays Basque - Erronda Ev\u00e9nements","article_modified_time":"2019-04-03T08:17:36+00:00","twitter_card":"summary_large_image","schema":{"@context":"https:\/\/schema.org","@graph":[{"@type":"WebPage","@id":"https:\/\/voyages.erronda.com\/en\/francais-partenaires\/","url":"https:\/\/voyages.erronda.com\/en\/francais-partenaires\/","name":"Partenaires Agence voyage Pays Basque - Erronda","isPartOf":{"@id":"https:\/\/voyages.erronda.com\/en\/#website"},"datePublished":"2014-03-06T11:34:41+00:00","dateModified":"2019-04-03T08:17:36+00:00","description":"L'agence de voyage \u00e9v\u00e9nementielle Erronda au Pays Basque vous pr\u00e9sente ses partenaires pour l'organisation de votre s\u00e9jour \"Sur Mesure\" au Pays Basque.","breadcrumb":{"@id":"https:\/\/voyages.erronda.com\/en\/francais-partenaires\/#breadcrumb"},"inLanguage":"en-US","potentialAction":[{"@type":"ReadAction","target":[["https:\/\/voyages.erronda.com\/en\/francais-partenaires\/"]]}]},{"@type":"BreadcrumbList","@id":"https:\/\/voyages.erronda.com\/en\/francais-partenaires\/#breadcrumb","itemListElement":[{"@type":"ListItem","position":1,"name":"Home","item":"https:\/\/voyages.erronda.com\/en\/"},{"@type":"ListItem","position":2,"name":"Patrocinadores"}]},{"@type":"WebSite","@id":"https:\/\/voyages.erronda.com\/en\/#website","url":"https:\/\/voyages.erronda.com\/en\/","name":"Agence \u00e9v\u00e9nementielle au Pays Basque - Erronda Ev\u00e9nements","description":"Cr\u00e9ateur d\u2019\u00e9v\u00e9nements sportifs, gastronomiques et culturels au Pays Basque","potentialAction":[{"@type":"SearchAction","target":{"@type":"EntryPoint","urlTemplate":"https:\/\/voyages.erronda.com\/en\/?s={search_term_string}"},"query-input":{"@type":"PropertyValueSpecification","valueRequired":true,"valueName":"search_term_string"}}],"inLanguage":"en-US"}]}},"_links":{"self":[{"href":"https:\/\/voyages.erronda.com\/en\/wp-json\/wp\/v2\/pages\/479","targetHints":{"allow":["GET"]}}],"collection":[{"href":"https:\/\/voyages.erronda.com\/en\/wp-json\/wp\/v2\/pages"}],"about":[{"href":"https:\/\/voyages.erronda.com\/en\/wp-json\/wp\/v2\/types\/page"}],"author":[{"embeddable":true,"href":"https:\/\/voyages.erronda.com\/en\/wp-json\/wp\/v2\/users\/2"}],"replies":[{"embeddable":true,"href":"https:\/\/voyages.erronda.com\/en\/wp-json\/wp\/v2\/comments?post=479"}],"version-history":[{"count":7,"href":"https:\/\/voyages.erronda.com\/en\/wp-json\/wp\/v2\/pages\/479\/revisions"}],"predecessor-version":[{"id":3706,"href":"https:\/\/voyages.erronda.com\/en\/wp-json\/wp\/v2\/pages\/479\/revisions\/3706"}],"wp:attachment":[{"href":"https:\/\/voyages.erronda.com\/en\/wp-json\/wp\/v2\/media?parent=479"}],"curies":[{"name":"wp","href":"https:\/\/api.w.org\/{rel}","templated":true}]}}