{"id":7,"date":"2012-02-13T18:01:02","date_gmt":"2012-02-13T17:01:02","guid":{"rendered":"https:\/\/voyages.erronda.com\/?page_id=7"},"modified":"2019-04-04T09:53:59","modified_gmt":"2019-04-04T07:53:59","slug":"plan-du-site","status":"publish","type":"page","link":"https:\/\/voyages.erronda.com\/en\/plan-du-site\/","title":{"rendered":"Site Map"},"content":{"rendered":"<p>Cette page vous pr\u00e9sente le plan de ce site Internet. Vous pouvez trouver, ci-dessous, la liste de toutes les pages indispensables pour naviguer convenablement.<\/p>\n<h2>Derniers articles<\/h2>\n\n<ul class=\"archive-list\">\n<li class=\"archive-list-item\"><a title=\"\" href=\"https:\/\/voyages.erronda.com\/en\/errondatravel-un-ete-a-biarritz\/\"><\/a><\/li>\n<li class=\"archive-list-item\"><a title=\"\" href=\"https:\/\/voyages.erronda.com\/en\/nos-mesures-covid-19\/\"><\/a><\/li>\n<li class=\"archive-list-item\"><a title=\"\" href=\"https:\/\/voyages.erronda.com\/en\/actus-erronda-voyages-biarritz-ete\/\"><\/a><\/li>\n<li class=\"archive-list-item\"><a title=\"\" href=\"https:\/\/voyages.erronda.com\/en\/errondatravel-une-journee-a-saint-jean-de-luz\/\"><\/a><\/li>\n<li class=\"archive-list-item\"><a title=\"\" href=\"https:\/\/voyages.erronda.com\/en\/errondatravel-les-incontournables-du-pays-basque\/\"><\/a><\/li>\n<li class=\"archive-list-item\"><a title=\"\" href=\"https:\/\/voyages.erronda.com\/en\/actualite-agence-erronda\/\"><\/a><\/li>\n<li class=\"archive-list-item\"><a title=\"\" href=\"https:\/\/voyages.erronda.com\/en\/actus-erronda-voyages-2\/\"><\/a><\/li>\n<li class=\"archive-list-item\"><a title=\"\" href=\"https:\/\/voyages.erronda.com\/en\/actus-erronda-voyages\/\"><\/a><\/li>\n<li class=\"archive-list-item\"><a title=\"\" href=\"https:\/\/voyages.erronda.com\/en\/guide-michelin-2020-le-pays-basque-brille-de-3-nouvelles-etoiles\/\"><\/a><\/li>\n<li class=\"archive-list-item\"><a title=\"\" href=\"https:\/\/voyages.erronda.com\/en\/actualite-san-sebastian-erronda\/\"><\/a><\/li>\n<li class=\"archive-list-item\"><a title=\"\" href=\"https:\/\/voyages.erronda.com\/en\/actualites-adhesion-erronda-apst-2020-grantie-voyages\/\"><\/a><\/li>\n<li class=\"archive-list-item\"><a title=\"\" href=\"https:\/\/voyages.erronda.com\/en\/errondatravel-une-journee-au-pays-basque-avec-erronda\/\"><\/a><\/li>\n<li class=\"archive-list-item\"><a title=\"\" href=\"https:\/\/voyages.erronda.com\/en\/open-rugby-golf-irpb-2019\/\"><\/a><\/li>\n<li class=\"archive-list-item\"><a title=\"\" href=\"https:\/\/voyages.erronda.com\/en\/erronda-event-landes\/\"><\/a><\/li>\n<li class=\"archive-list-item\"><a title=\"La Question Pro du Mois #6\" href=\"https:\/\/voyages.erronda.com\/en\/erronda-interview-tokiko\/\">La Question Pro du Mois #6<\/a><\/li>\n<li class=\"archive-list-item\"><a title=\"La Question Pro du Mois #6\" href=\"https:\/\/voyages.erronda.com\/en\/question-pro-du-mois-2-2-2-2-2\/\">La Question Pro du Mois #6<\/a><\/li>\n<li class=\"archive-list-item\"><a title=\"La Question Pro du Mois #6\" href=\"https:\/\/voyages.erronda.com\/en\/la-question-pro-derronda-6\/\">La Question Pro du Mois #6<\/a><\/li>\n<li class=\"archive-list-item\"><a title=\"La Question Pro du Mois #5\" href=\"https:\/\/voyages.erronda.com\/en\/question-pro-du-mois-2-2-2-2\/\">La Question Pro du Mois #5<\/a><\/li>\n<li class=\"archive-list-item\"><a title=\"Vivez Ibiza de l&#039;int\u00e9rieur ! !\" href=\"https:\/\/voyages.erronda.com\/en\/vivez-ibiza-linterieur\/\">Vivez Ibiza de l'int\u00e9rieur ! !<\/a><\/li>\n<li class=\"archive-list-item\"><a title=\"La Question Pro du Mois #4\" href=\"https:\/\/voyages.erronda.com\/en\/question-pro-du-mois-2-2-2\/\">La Question Pro du Mois #4<\/a><\/li>\n<li class=\"archive-list-item\"><a title=\"La Question Pro du Mois #3\" href=\"https:\/\/voyages.erronda.com\/en\/question-pro-du-mois-2-2\/\">La Question Pro du Mois #3<\/a><\/li>\n<li class=\"archive-list-item\"><a title=\"La Question Pro du Mois #2\" href=\"https:\/\/voyages.erronda.com\/en\/question-pro-du-mois-2\/\">La Question Pro du Mois #2<\/a><\/li>\n<li class=\"archive-list-item\"><a title=\"La Question Pro du Mois #1\" href=\"https:\/\/voyages.erronda.com\/en\/question-pro-du-mois-1\/\">La Question Pro du Mois #1<\/a><\/li>\n<li class=\"archive-list-item\"><a title=\"F\u00eates de Pampelune 2018\" href=\"https:\/\/voyages.erronda.com\/en\/fetes-pampelune-2018\/\">F\u00eates de Pampelune 2018<\/a><\/li>\n<li class=\"archive-list-item\"><a title=\"&lt;!--:fr--&gt;Une \u00e9toile Michelin pour le Grand H\u00f4tel Loreamar - Saint Jean de Luz&lt;!--:--&gt;&lt;!--:en--&gt;One Michelin Star for the Grand H\u00f4tel Loreamar - Saint Jean de Luz&lt;!--:--&gt;&lt;!--:es--&gt;Una Estrella Michelin por el Grand H\u00f4tel Loreamar - Saint Jean de Luz&lt;!--:--&gt;\" href=\"https:\/\/voyages.erronda.com\/en\/etoile-michelin-grand-hotel-loreamar-saint-jean-luz\/\">One Michelin Star for the Grand H\u00f4tel Loreamar - Saint Jean de Luz<\/a><\/li>\n<li class=\"archive-list-item\"><a title=\"&lt;!--:fr--&gt;Troph\u00e9e 2016 Rugby Club Aquitaine Entreprise&lt;!--:--&gt;&lt;!--:en--&gt;Trophy 2016 Rugby Club Aquitaine Entreprise&lt;!--:--&gt;&lt;!--:es--&gt;Trofeo 2016 Rugby Club Aquitaine Entreprise&lt;!--:--&gt;\" href=\"https:\/\/voyages.erronda.com\/en\/trophee-2015-rugby-club-aquitaine-entreprise\/\">Trophy 2016 Rugby Club Aquitaine Entreprise<\/a><\/li>\n<li class=\"archive-list-item\"><a title=\"&lt;!--:fr--&gt;Nouveau Catalogue d&#039;\u00e9motions Automne Hiver 2015-2016&lt;!--:--&gt;&lt;!--:en--&gt;Nouveau Catalogue d&#039;\u00e9motions Automne Hiver 2015-2016&lt;!--:--&gt;&lt;!--:es--&gt;Nouveau Catalogue d&#039;\u00e9motions Automne Hiver 2015-2016&lt;!--:--&gt;\" href=\"https:\/\/voyages.erronda.com\/en\/nouveau-catalogue-demotions-automne-hiver-2014-2015\/\">Nouveau Catalogue d'\u00e9motions Automne Hiver 2015-2016<\/a><\/li>\n<li class=\"archive-list-item\"><a title=\"&lt;!--:fr--&gt;Tertulia avec S\u00e9bastien Castella&lt;!--:--&gt;&lt;!--:en--&gt;Meeting with Sebastien Castella&lt;!--:--&gt;&lt;!--:es--&gt;Terutlia con Sebastian Castella&lt;!--:--&gt;\" href=\"https:\/\/voyages.erronda.com\/en\/tertulia-sebastien-castella\/\">Meeting with Sebastien Castella<\/a><\/li>\n<li class=\"archive-list-item\"><a title=\"&lt;!--:fr--&gt;L&#039;affiche des f\u00eates de San Ferm\u00edn enfin d\u00e9voil\u00e9e...Un style \u00e9pur\u00e9&lt;!--:--&gt;&lt;!--:en--&gt;New poster of San Fermin 2014 in Pamplona&lt;!--:--&gt;\" href=\"https:\/\/voyages.erronda.com\/en\/laffiche-des-fetes-de-san-fermin-enfin-devoilee-un-style-epure\/\">New poster of San Fermin 2014 in Pamplona<\/a><\/li>\n<li class=\"archive-list-item\"><a title=\"&lt;!--:fr--&gt;Ouverture de la 552e Foire au Jambon de Bayonne&lt;!--:--&gt;\" href=\"https:\/\/voyages.erronda.com\/en\/ouverture-de-la-552e-foire-au-jambon-de-bayonne\/\"><\/a><\/li>\n<li class=\"archive-list-item\"><a title=\"&lt;!--:fr--&gt;Erronda : Signification au Pays Basque&lt;!--:--&gt;\" href=\"https:\/\/voyages.erronda.com\/en\/le-cercle-signification-au-pays-basque\/\"><\/a><\/li>\n<li class=\"archive-list-item\"><a title=\"&lt;!--:fr--&gt;La Formule 3 revient au Grand Prix de Pau&lt;!--:--&gt;\" href=\"https:\/\/voyages.erronda.com\/en\/la-formule-3-revient-au-grand-prix-de-pau\/\"><\/a><\/li>\n<li class=\"archive-list-item\"><a title=\"&lt;!--:fr--&gt;Yves Camdeborde s&#039;implante \u00e0 Saint-Jean de Luz&lt;!--:--&gt;\" href=\"https:\/\/voyages.erronda.com\/en\/yves-camdeborde-simplante-a-saint-jean-de-luz\/\"><\/a><\/li>\n<li class=\"archive-list-item\"><a title=\"&lt;!--:fr--&gt;Le ch\u00e2teau d\u2019Arcangues, dernier refuge des gastronomes imp\u00e9nitents&lt;!--:--&gt;\" href=\"https:\/\/voyages.erronda.com\/en\/le-chateau-darcangues-dernier-refuge-des-gastronomes-impenitents\/\"><\/a><\/li>\n<\/ul>\n\n\n<h2>Pages internes<\/h2>\n<p>[pagelist]\" href=\"https:\/\/voyages.erronda.com\/en\/errondatravel-un-ete-a-biarritz\/\"><\/a><\/li>\n<li class=\"archive-list-item\"><a title=\"\" href=\"https:\/\/voyages.erronda.com\/en\/nos-mesures-covid-19\/\"><\/a><\/li>\n<li class=\"archive-list-item\"><a title=\"\" href=\"https:\/\/voyages.erronda.com\/en\/actus-erronda-voyages-biarritz-ete\/\"><\/a><\/li>\n<li class=\"archive-list-item\"><a title=\"\" href=\"https:\/\/voyages.erronda.com\/en\/errondatravel-une-journee-a-saint-jean-de-luz\/\"><\/a><\/li>\n<li class=\"archive-list-item\"><a title=\"\" href=\"https:\/\/voyages.erronda.com\/en\/errondatravel-les-incontournables-du-pays-basque\/\"><\/a><\/li>\n<li class=\"archive-list-item\"><a title=\"\" href=\"https:\/\/voyages.erronda.com\/en\/actualite-agence-erronda\/\"><\/a><\/li>\n<li class=\"archive-list-item\"><a title=\"\" href=\"https:\/\/voyages.erronda.com\/en\/actus-erronda-voyages-2\/\"><\/a><\/li>\n<li class=\"archive-list-item\"><a title=\"\" href=\"https:\/\/voyages.erronda.com\/en\/actus-erronda-voyages\/\"><\/a><\/li>\n<li class=\"archive-list-item\"><a title=\"\" href=\"https:\/\/voyages.erronda.com\/en\/guide-michelin-2020-le-pays-basque-brille-de-3-nouvelles-etoiles\/\"><\/a><\/li>\n<li class=\"archive-list-item\"><a title=\"\" href=\"https:\/\/voyages.erronda.com\/en\/actualite-san-sebastian-erronda\/\"><\/a><\/li>\n<li class=\"archive-list-item\"><a title=\"\" href=\"https:\/\/voyages.erronda.com\/en\/actualites-adhesion-erronda-apst-2020-grantie-voyages\/\"><\/a><\/li>\n<li class=\"archive-list-item\"><a title=\"\" href=\"https:\/\/voyages.erronda.com\/en\/errondatravel-une-journee-au-pays-basque-avec-erronda\/\"><\/a><\/li>\n<li class=\"archive-list-item\"><a title=\"\" href=\"https:\/\/voyages.erronda.com\/en\/open-rugby-golf-irpb-2019\/\"><\/a><\/li>\n<li class=\"archive-list-item\"><a title=\"\" href=\"https:\/\/voyages.erronda.com\/en\/erronda-event-landes\/\"><\/a><\/li>\n<li class=\"archive-list-item\"><a title=\"La Question Pro du Mois #6\" href=\"https:\/\/voyages.erronda.com\/en\/erronda-interview-tokiko\/\">La Question Pro du Mois #6<\/a><\/li>\n<li class=\"archive-list-item\"><a title=\"La Question Pro du Mois #6\" href=\"https:\/\/voyages.erronda.com\/en\/question-pro-du-mois-2-2-2-2-2\/\">La Question Pro du Mois #6<\/a><\/li>\n<li class=\"archive-list-item\"><a title=\"La Question Pro du Mois #6\" href=\"https:\/\/voyages.erronda.com\/en\/la-question-pro-derronda-6\/\">La Question Pro du Mois #6<\/a><\/li>\n<li class=\"archive-list-item\"><a title=\"La Question Pro du Mois #5\" href=\"https:\/\/voyages.erronda.com\/en\/question-pro-du-mois-2-2-2-2\/\">La Question Pro du Mois #5<\/a><\/li>\n<li class=\"archive-list-item\"><a title=\"Vivez Ibiza de l&#039;int\u00e9rieur ! !\" href=\"https:\/\/voyages.erronda.com\/en\/vivez-ibiza-linterieur\/\">Vivez Ibiza de l'int\u00e9rieur ! !<\/a><\/li>\n<li class=\"archive-list-item\"><a title=\"La Question Pro du Mois #4\" href=\"https:\/\/voyages.erronda.com\/en\/question-pro-du-mois-2-2-2\/\">La Question Pro du Mois #4<\/a><\/li>\n<li class=\"archive-list-item\"><a title=\"La Question Pro du Mois #3\" href=\"https:\/\/voyages.erronda.com\/en\/question-pro-du-mois-2-2\/\">La Question Pro du Mois #3<\/a><\/li>\n<li class=\"archive-list-item\"><a title=\"La Question Pro du Mois #2\" href=\"https:\/\/voyages.erronda.com\/en\/question-pro-du-mois-2\/\">La Question Pro du Mois #2<\/a><\/li>\n<li class=\"archive-list-item\"><a title=\"La Question Pro du Mois #1\" href=\"https:\/\/voyages.erronda.com\/en\/question-pro-du-mois-1\/\">La Question Pro du Mois #1<\/a><\/li>\n<li class=\"archive-list-item\"><a title=\"F\u00eates de Pampelune 2018\" href=\"https:\/\/voyages.erronda.com\/en\/fetes-pampelune-2018\/\">F\u00eates de Pampelune 2018<\/a><\/li>\n<li class=\"archive-list-item\"><a title=\"&lt;!--:fr--&gt;Une \u00e9toile Michelin pour le Grand H\u00f4tel Loreamar - Saint Jean de Luz&lt;!--:--&gt;&lt;!--:en--&gt;One Michelin Star for the Grand H\u00f4tel Loreamar - Saint Jean de Luz&lt;!--:--&gt;&lt;!--:es--&gt;Una Estrella Michelin por el Grand H\u00f4tel Loreamar - Saint Jean de Luz&lt;!--:--&gt;\" href=\"https:\/\/voyages.erronda.com\/en\/etoile-michelin-grand-hotel-loreamar-saint-jean-luz\/\">One Michelin Star for the Grand H\u00f4tel Loreamar - Saint Jean de Luz<\/a><\/li>\n<li class=\"archive-list-item\"><a title=\"&lt;!--:fr--&gt;Troph\u00e9e 2016 Rugby Club Aquitaine Entreprise&lt;!--:--&gt;&lt;!--:en--&gt;Trophy 2016 Rugby Club Aquitaine Entreprise&lt;!--:--&gt;&lt;!--:es--&gt;Trofeo 2016 Rugby Club Aquitaine Entreprise&lt;!--:--&gt;\" href=\"https:\/\/voyages.erronda.com\/en\/trophee-2015-rugby-club-aquitaine-entreprise\/\">Trophy 2016 Rugby Club Aquitaine Entreprise<\/a><\/li>\n<li class=\"archive-list-item\"><a title=\"&lt;!--:fr--&gt;Nouveau Catalogue d&#039;\u00e9motions Automne Hiver 2015-2016&lt;!--:--&gt;&lt;!--:en--&gt;Nouveau Catalogue d&#039;\u00e9motions Automne Hiver 2015-2016&lt;!--:--&gt;&lt;!--:es--&gt;Nouveau Catalogue d&#039;\u00e9motions Automne Hiver 2015-2016&lt;!--:--&gt;\" href=\"https:\/\/voyages.erronda.com\/en\/nouveau-catalogue-demotions-automne-hiver-2014-2015\/\">Nouveau Catalogue d'\u00e9motions Automne Hiver 2015-2016<\/a><\/li>\n<li class=\"archive-list-item\"><a title=\"&lt;!--:fr--&gt;Tertulia avec S\u00e9bastien Castella&lt;!--:--&gt;&lt;!--:en--&gt;Meeting with Sebastien Castella&lt;!--:--&gt;&lt;!--:es--&gt;Terutlia con Sebastian Castella&lt;!--:--&gt;\" href=\"https:\/\/voyages.erronda.com\/en\/tertulia-sebastien-castella\/\">Meeting with Sebastien Castella<\/a><\/li>\n<li class=\"archive-list-item\"><a title=\"&lt;!--:fr--&gt;L&#039;affiche des f\u00eates de San Ferm\u00edn enfin d\u00e9voil\u00e9e...Un style \u00e9pur\u00e9&lt;!--:--&gt;&lt;!--:en--&gt;New poster of San Fermin 2014 in Pamplona&lt;!--:--&gt;\" href=\"https:\/\/voyages.erronda.com\/en\/laffiche-des-fetes-de-san-fermin-enfin-devoilee-un-style-epure\/\">New poster of San Fermin 2014 in Pamplona<\/a><\/li>\n<li class=\"archive-list-item\"><a title=\"&lt;!--:fr--&gt;Ouverture de la 552e Foire au Jambon de Bayonne&lt;!--:--&gt;\" href=\"https:\/\/voyages.erronda.com\/en\/ouverture-de-la-552e-foire-au-jambon-de-bayonne\/\"><\/a><\/li>\n<li class=\"archive-list-item\"><a title=\"&lt;!--:fr--&gt;Erronda : Signification au Pays Basque&lt;!--:--&gt;\" href=\"https:\/\/voyages.erronda.com\/en\/le-cercle-signification-au-pays-basque\/\"><\/a><\/li>\n<li class=\"archive-list-item\"><a title=\"&lt;!--:fr--&gt;La Formule 3 revient au Grand Prix de Pau&lt;!--:--&gt;\" href=\"https:\/\/voyages.erronda.com\/en\/la-formule-3-revient-au-grand-prix-de-pau\/\"><\/a><\/li>\n<li class=\"archive-list-item\"><a title=\"&lt;!--:fr--&gt;Yves Camdeborde s&#039;implante \u00e0 Saint-Jean de Luz&lt;!--:--&gt;\" href=\"https:\/\/voyages.erronda.com\/en\/yves-camdeborde-simplante-a-saint-jean-de-luz\/\"><\/a><\/li>\n<li class=\"archive-list-item\"><a title=\"&lt;!--:fr--&gt;Le ch\u00e2teau d\u2019Arcangues, dernier refuge des gastronomes imp\u00e9nitents&lt;!--:--&gt;\" href=\"https:\/\/voyages.erronda.com\/en\/le-chateau-darcangues-dernier-refuge-des-gastronomes-impenitents\/\"><\/a><\/li>\n<\/ul>\n\n\n<h2>Pages internes<\/h2>\n<p>[pagelist]<\/p>","protected":false},"excerpt":{"rendered":"<p>Cette page vous pr\u00e9sente le plan de ce site Internet. Vous pouvez trouver, ci-dessous, la liste de toutes les pages indispensables pour naviguer convenablement. Derniers [&hellip;]<\/p>\n","protected":false},"author":2,"featured_media":0,"parent":0,"menu_order":11,"comment_status":"closed","ping_status":"closed","template":"page-plan-du-site.php","meta":{"_acf_changed":false,"footnotes":""},"class_list":["post-7","page","type-page","status-publish","hentry"],"acf":[],"yoast_head":"<!-- This site is optimized with the Yoast SEO plugin v27.3 - https:\/\/yoast.com\/product\/yoast-seo-wordpress\/ -->\n<title>Plan du Site Agence de voyage au Pays Basque - Erronda<\/title>\n<meta name=\"description\" content=\"Plan du site de votre Agence de Voyage Erronda au Pays Basque , Biarritz , Saint S\u00e9bastien , Bayonne , Saint Jean de Luz , Pampelune , Bilbao\" \/>\n<meta name=\"robots\" content=\"index, follow, max-snippet:-1, max-image-preview:large, max-video-preview:-1\" \/>\n<link rel=\"canonical\" href=\"https:\/\/voyages.erronda.com\/en\/plan-du-site\/\" \/>\n<meta property=\"og:locale\" content=\"en_US\" \/>\n<meta property=\"og:type\" content=\"article\" \/>\n<meta property=\"og:title\" content=\"Plan du Site Agence de voyage au Pays Basque - Erronda\" \/>\n<meta property=\"og:description\" content=\"Plan du site de votre Agence de Voyage Erronda au Pays Basque , Biarritz , Saint S\u00e9bastien , Bayonne , Saint Jean de Luz , Pampelune , Bilbao\" \/>\n<meta property=\"og:url\" content=\"https:\/\/voyages.erronda.com\/en\/plan-du-site\/\" \/>\n<meta property=\"og:site_name\" content=\"Agence \u00e9v\u00e9nementielle au Pays Basque - Erronda Ev\u00e9nements\" \/>\n<meta property=\"article:modified_time\" content=\"2019-04-04T07:53:59+00:00\" \/>\n<meta name=\"twitter:card\" content=\"summary_large_image\" \/>\n<script type=\"application\/ld+json\" class=\"yoast-schema-graph\">{\"@context\":\"https:\\\/\\\/schema.org\",\"@graph\":[{\"@type\":\"WebPage\",\"@id\":\"https:\\\/\\\/voyages.erronda.com\\\/en\\\/plan-du-site\\\/\",\"url\":\"https:\\\/\\\/voyages.erronda.com\\\/en\\\/plan-du-site\\\/\",\"name\":\"Plan du Site Agence de voyage au Pays Basque - Erronda\",\"isPartOf\":{\"@id\":\"https:\\\/\\\/voyages.erronda.com\\\/en\\\/#website\"},\"datePublished\":\"2012-02-13T17:01:02+00:00\",\"dateModified\":\"2019-04-04T07:53:59+00:00\",\"description\":\"Plan du site de votre Agence de Voyage Erronda au Pays Basque , Biarritz , Saint S\u00e9bastien , Bayonne , Saint Jean de Luz , Pampelune , Bilbao\",\"breadcrumb\":{\"@id\":\"https:\\\/\\\/voyages.erronda.com\\\/en\\\/plan-du-site\\\/#breadcrumb\"},\"inLanguage\":\"en-US\",\"potentialAction\":[{\"@type\":\"ReadAction\",\"target\":[[\"https:\\\/\\\/voyages.erronda.com\\\/en\\\/plan-du-site\\\/\"]]}]},{\"@type\":\"BreadcrumbList\",\"@id\":\"https:\\\/\\\/voyages.erronda.com\\\/en\\\/plan-du-site\\\/#breadcrumb\",\"itemListElement\":[{\"@type\":\"ListItem\",\"position\":1,\"name\":\"Home\",\"item\":\"https:\\\/\\\/voyages.erronda.com\\\/en\\\/\"},{\"@type\":\"ListItem\",\"position\":2,\"name\":\"Plan du site\"}]},{\"@type\":\"WebSite\",\"@id\":\"https:\\\/\\\/voyages.erronda.com\\\/en\\\/#website\",\"url\":\"https:\\\/\\\/voyages.erronda.com\\\/en\\\/\",\"name\":\"Agence \u00e9v\u00e9nementielle au Pays Basque - Erronda Ev\u00e9nements\",\"description\":\"Cr\u00e9ateur d\u2019\u00e9v\u00e9nements sportifs, gastronomiques et culturels au Pays Basque\",\"potentialAction\":[{\"@type\":\"SearchAction\",\"target\":{\"@type\":\"EntryPoint\",\"urlTemplate\":\"https:\\\/\\\/voyages.erronda.com\\\/en\\\/?s={search_term_string}\"},\"query-input\":{\"@type\":\"PropertyValueSpecification\",\"valueRequired\":true,\"valueName\":\"search_term_string\"}}],\"inLanguage\":\"en-US\"}]}<\/script>\n<!-- \/ Yoast SEO plugin. -->","yoast_head_json":{"title":"Plan du Site Agence de voyage au Pays Basque - Erronda","description":"Plan du site de votre Agence de Voyage Erronda au Pays Basque , Biarritz , Saint S\u00e9bastien , Bayonne , Saint Jean de Luz , Pampelune , Bilbao","robots":{"index":"index","follow":"follow","max-snippet":"max-snippet:-1","max-image-preview":"max-image-preview:large","max-video-preview":"max-video-preview:-1"},"canonical":"https:\/\/voyages.erronda.com\/en\/plan-du-site\/","og_locale":"en_US","og_type":"article","og_title":"Plan du Site Agence de voyage au Pays Basque - Erronda","og_description":"Plan du site de votre Agence de Voyage Erronda au Pays Basque , Biarritz , Saint S\u00e9bastien , Bayonne , Saint Jean de Luz , Pampelune , Bilbao","og_url":"https:\/\/voyages.erronda.com\/en\/plan-du-site\/","og_site_name":"Agence \u00e9v\u00e9nementielle au Pays Basque - Erronda Ev\u00e9nements","article_modified_time":"2019-04-04T07:53:59+00:00","twitter_card":"summary_large_image","schema":{"@context":"https:\/\/schema.org","@graph":[{"@type":"WebPage","@id":"https:\/\/voyages.erronda.com\/en\/plan-du-site\/","url":"https:\/\/voyages.erronda.com\/en\/plan-du-site\/","name":"Plan du Site Agence de voyage au Pays Basque - Erronda","isPartOf":{"@id":"https:\/\/voyages.erronda.com\/en\/#website"},"datePublished":"2012-02-13T17:01:02+00:00","dateModified":"2019-04-04T07:53:59+00:00","description":"Plan du site de votre Agence de Voyage Erronda au Pays Basque , Biarritz , Saint S\u00e9bastien , Bayonne , Saint Jean de Luz , Pampelune , Bilbao","breadcrumb":{"@id":"https:\/\/voyages.erronda.com\/en\/plan-du-site\/#breadcrumb"},"inLanguage":"en-US","potentialAction":[{"@type":"ReadAction","target":[["https:\/\/voyages.erronda.com\/en\/plan-du-site\/"]]}]},{"@type":"BreadcrumbList","@id":"https:\/\/voyages.erronda.com\/en\/plan-du-site\/#breadcrumb","itemListElement":[{"@type":"ListItem","position":1,"name":"Home","item":"https:\/\/voyages.erronda.com\/en\/"},{"@type":"ListItem","position":2,"name":"Plan du site"}]},{"@type":"WebSite","@id":"https:\/\/voyages.erronda.com\/en\/#website","url":"https:\/\/voyages.erronda.com\/en\/","name":"Agence \u00e9v\u00e9nementielle au Pays Basque - Erronda Ev\u00e9nements","description":"Cr\u00e9ateur d\u2019\u00e9v\u00e9nements sportifs, gastronomiques et culturels au Pays Basque","potentialAction":[{"@type":"SearchAction","target":{"@type":"EntryPoint","urlTemplate":"https:\/\/voyages.erronda.com\/en\/?s={search_term_string}"},"query-input":{"@type":"PropertyValueSpecification","valueRequired":true,"valueName":"search_term_string"}}],"inLanguage":"en-US"}]}},"_links":{"self":[{"href":"https:\/\/voyages.erronda.com\/en\/wp-json\/wp\/v2\/pages\/7","targetHints":{"allow":["GET"]}}],"collection":[{"href":"https:\/\/voyages.erronda.com\/en\/wp-json\/wp\/v2\/pages"}],"about":[{"href":"https:\/\/voyages.erronda.com\/en\/wp-json\/wp\/v2\/types\/page"}],"author":[{"embeddable":true,"href":"https:\/\/voyages.erronda.com\/en\/wp-json\/wp\/v2\/users\/2"}],"replies":[{"embeddable":true,"href":"https:\/\/voyages.erronda.com\/en\/wp-json\/wp\/v2\/comments?post=7"}],"version-history":[{"count":4,"href":"https:\/\/voyages.erronda.com\/en\/wp-json\/wp\/v2\/pages\/7\/revisions"}],"predecessor-version":[{"id":3710,"href":"https:\/\/voyages.erronda.com\/en\/wp-json\/wp\/v2\/pages\/7\/revisions\/3710"}],"wp:attachment":[{"href":"https:\/\/voyages.erronda.com\/en\/wp-json\/wp\/v2\/media?parent=7"}],"curies":[{"name":"wp","href":"https:\/\/api.w.org\/{rel}","templated":true}]}}