{"id":1749,"date":"2014-10-22T12:27:25","date_gmt":"2014-10-22T10:27:25","guid":{"rendered":"https:\/\/voyages.erronda.com\/?page_id=1749"},"modified":"2023-05-04T16:28:30","modified_gmt":"2023-05-04T14:28:30","slug":"lagence-2","status":"publish","type":"page","link":"https:\/\/voyages.erronda.com\/es\/lagence-2\/","title":{"rendered":"La agencia"},"content":{"rendered":"<p><\/p>\n<p style=\"text-align: center;\"><span class=\"tlid-translation translation\" lang=\"es\"><span class=\"\" title=\"\">Erronda <strong>crea eventos excepcionales<\/strong> en eventos emblem\u00e1ticos en el Pa\u00eds Vasco.<img loading=\"lazy\" decoding=\"async\" class=\" wp-image-4123 alignright\" src=\"https:\/\/voyages.erronda.com\/wp-content\/uploads\/2020\/01\/actualite\u0301s-erronda-membre-apst-grantie-financiere-sejour-voyage-sticker-2020-370x370.png\" alt=\"sticker apst garantie voyageur\" width=\"139\" height=\"139\" srcset=\"https:\/\/voyages.erronda.com\/wp-content\/uploads\/2020\/01\/actualite\u0301s-erronda-membre-apst-grantie-financiere-sejour-voyage-sticker-2020-370x370.png 370w, https:\/\/voyages.erronda.com\/wp-content\/uploads\/2020\/01\/actualite\u0301s-erronda-membre-apst-grantie-financiere-sejour-voyage-sticker-2020-700x700.png 700w, https:\/\/voyages.erronda.com\/wp-content\/uploads\/2020\/01\/actualite\u0301s-erronda-membre-apst-grantie-financiere-sejour-voyage-sticker-2020.png 768w, https:\/\/voyages.erronda.com\/wp-content\/uploads\/2020\/01\/actualite\u0301s-erronda-membre-apst-grantie-financiere-sejour-voyage-sticker-2020-400x400.png 400w\" sizes=\"auto, (max-width: 139px) 100vw, 139px\" \/> <\/span><\/span><\/p>\n<p style=\"text-align: center;\"><span class=\"tlid-translation translation\" lang=\"es\"><strong><span class=\"\" title=\"\">\u00bfNuestro objetivo?<\/span><\/strong> <span class=\"\" title=\"\">Descubres lugares ins\u00f3litos y placeres insospechados.<\/span><\/span><\/p>\n<p><\/p>","protected":false},"excerpt":{"rendered":"<p>Erronda crea eventos excepcionales en eventos emblem\u00e1ticos en el Pa\u00eds Vasco. \u00bfNuestro objetivo? Descubres lugares ins\u00f3litos y placeres insospechados.<\/p>\n","protected":false},"author":2,"featured_media":0,"parent":0,"menu_order":5,"comment_status":"closed","ping_status":"closed","template":"page-agence.php","meta":{"_acf_changed":false,"footnotes":""},"class_list":["post-1749","page","type-page","status-publish","hentry"],"acf":[],"yoast_head":"<!-- This site is optimized with the Yoast SEO plugin v27.3 - https:\/\/yoast.com\/product\/yoast-seo-wordpress\/ -->\n<title>La agencia - Agence \u00e9v\u00e9nementielle au Pays Basque - Erronda Ev\u00e9nements<\/title>\n<meta name=\"description\" content=\"Agence \u00e9v\u00e9nementielle au Pays Basque - Organisation d&#039;\u00c9v\u00e9nement, S\u00e9minaire, Congr\u00e9s, Voyage. D\u00e9couvrir l&#039;ensemble des \u00e9motions \u00e0 vivre au Pays Basque !\" \/>\n<meta name=\"robots\" content=\"index, follow, max-snippet:-1, max-image-preview:large, max-video-preview:-1\" \/>\n<link rel=\"canonical\" href=\"https:\/\/voyages.erronda.com\/es\/lagence-2\/\" \/>\n<meta property=\"og:locale\" content=\"es_ES\" \/>\n<meta property=\"og:type\" content=\"article\" \/>\n<meta property=\"og:title\" content=\"La agencia - Agence \u00e9v\u00e9nementielle au Pays Basque - Erronda Ev\u00e9nements\" \/>\n<meta property=\"og:description\" content=\"Agence \u00e9v\u00e9nementielle au Pays Basque - Organisation d&#039;\u00c9v\u00e9nement, S\u00e9minaire, Congr\u00e9s, Voyage. D\u00e9couvrir l&#039;ensemble des \u00e9motions \u00e0 vivre au Pays Basque !\" \/>\n<meta property=\"og:url\" content=\"https:\/\/voyages.erronda.com\/es\/lagence-2\/\" \/>\n<meta property=\"og:site_name\" content=\"Agence \u00e9v\u00e9nementielle au Pays Basque - Erronda Ev\u00e9nements\" \/>\n<meta property=\"article:modified_time\" content=\"2023-05-04T14:28:30+00:00\" \/>\n<meta property=\"og:image\" content=\"https:\/\/voyages.erronda.com\/wp-content\/uploads\/2023\/05\/en-tete-newsletter.png\" \/>\n<meta name=\"twitter:card\" content=\"summary_large_image\" \/>\n<meta name=\"twitter:label1\" content=\"Tiempo de lectura\" \/>\n\t<meta name=\"twitter:data1\" content=\"1 minuto\" \/>\n<script type=\"application\/ld+json\" class=\"yoast-schema-graph\">{\"@context\":\"https:\\\/\\\/schema.org\",\"@graph\":[{\"@type\":\"WebPage\",\"@id\":\"https:\\\/\\\/voyages.erronda.com\\\/es\\\/lagence-2\\\/\",\"url\":\"https:\\\/\\\/voyages.erronda.com\\\/es\\\/lagence-2\\\/\",\"name\":\"La agencia - Agence \u00e9v\u00e9nementielle au Pays Basque - Erronda Ev\u00e9nements\",\"isPartOf\":{\"@id\":\"https:\\\/\\\/voyages.erronda.com\\\/es\\\/#website\"},\"primaryImageOfPage\":{\"@id\":\"https:\\\/\\\/voyages.erronda.com\\\/es\\\/lagence-2\\\/#primaryimage\"},\"image\":{\"@id\":\"https:\\\/\\\/voyages.erronda.com\\\/lagence-2\\\/#primaryimage\"},\"thumbnailUrl\":\"https:\\\/\\\/voyages.erronda.com\\\/wp-content\\\/uploads\\\/2023\\\/05\\\/en-tete-newsletter.png\",\"datePublished\":\"2014-10-22T10:27:25+00:00\",\"dateModified\":\"2023-05-04T14:28:30+00:00\",\"description\":\"Agence \u00e9v\u00e9nementielle au Pays Basque - Organisation d'\u00c9v\u00e9nement, S\u00e9minaire, Congr\u00e9s, Voyage. D\u00e9couvrir l'ensemble des \u00e9motions \u00e0 vivre au Pays Basque !\",\"breadcrumb\":{\"@id\":\"https:\\\/\\\/voyages.erronda.com\\\/es\\\/lagence-2\\\/#breadcrumb\"},\"inLanguage\":\"es\",\"potentialAction\":[{\"@type\":\"ReadAction\",\"target\":[[\"https:\\\/\\\/voyages.erronda.com\\\/es\\\/lagence-2\\\/\"]]}]},{\"@type\":\"ImageObject\",\"inLanguage\":\"es\",\"@id\":\"https:\\\/\\\/voyages.erronda.com\\\/es\\\/lagence-2\\\/#primaryimage\",\"url\":\"https:\\\/\\\/voyages.erronda.com\\\/wp-content\\\/uploads\\\/2023\\\/05\\\/en-tete-newsletter.png\",\"contentUrl\":\"https:\\\/\\\/voyages.erronda.com\\\/wp-content\\\/uploads\\\/2023\\\/05\\\/en-tete-newsletter.png\"},{\"@type\":\"BreadcrumbList\",\"@id\":\"https:\\\/\\\/voyages.erronda.com\\\/es\\\/lagence-2\\\/#breadcrumb\",\"itemListElement\":[{\"@type\":\"ListItem\",\"position\":1,\"name\":\"Home\",\"item\":\"https:\\\/\\\/voyages.erronda.com\\\/es\\\/\"},{\"@type\":\"ListItem\",\"position\":2,\"name\":\"L&rsquo;agence\"}]},{\"@type\":\"WebSite\",\"@id\":\"https:\\\/\\\/voyages.erronda.com\\\/es\\\/#website\",\"url\":\"https:\\\/\\\/voyages.erronda.com\\\/es\\\/\",\"name\":\"Agence \u00e9v\u00e9nementielle au Pays Basque - Erronda Ev\u00e9nements\",\"description\":\"Cr\u00e9ateur d\u2019\u00e9v\u00e9nements sportifs, gastronomiques et culturels au Pays Basque\",\"potentialAction\":[{\"@type\":\"SearchAction\",\"target\":{\"@type\":\"EntryPoint\",\"urlTemplate\":\"https:\\\/\\\/voyages.erronda.com\\\/es\\\/?s={search_term_string}\"},\"query-input\":{\"@type\":\"PropertyValueSpecification\",\"valueRequired\":true,\"valueName\":\"search_term_string\"}}],\"inLanguage\":\"es\"}]}<\/script>\n<!-- \/ Yoast SEO plugin. -->","yoast_head_json":{"title":"La agencia - Agence \u00e9v\u00e9nementielle au Pays Basque - Erronda Ev\u00e9nements","description":"Agence \u00e9v\u00e9nementielle au Pays Basque - Organisation d'\u00c9v\u00e9nement, S\u00e9minaire, Congr\u00e9s, Voyage. D\u00e9couvrir l'ensemble des \u00e9motions \u00e0 vivre au Pays Basque !","robots":{"index":"index","follow":"follow","max-snippet":"max-snippet:-1","max-image-preview":"max-image-preview:large","max-video-preview":"max-video-preview:-1"},"canonical":"https:\/\/voyages.erronda.com\/es\/lagence-2\/","og_locale":"es_ES","og_type":"article","og_title":"La agencia - Agence \u00e9v\u00e9nementielle au Pays Basque - Erronda Ev\u00e9nements","og_description":"Agence \u00e9v\u00e9nementielle au Pays Basque - Organisation d'\u00c9v\u00e9nement, S\u00e9minaire, Congr\u00e9s, Voyage. D\u00e9couvrir l'ensemble des \u00e9motions \u00e0 vivre au Pays Basque !","og_url":"https:\/\/voyages.erronda.com\/es\/lagence-2\/","og_site_name":"Agence \u00e9v\u00e9nementielle au Pays Basque - Erronda Ev\u00e9nements","article_modified_time":"2023-05-04T14:28:30+00:00","og_image":[{"url":"https:\/\/voyages.erronda.com\/wp-content\/uploads\/2023\/05\/en-tete-newsletter.png","type":"","width":"","height":""}],"twitter_card":"summary_large_image","twitter_misc":{"Tiempo de lectura":"1 minuto"},"schema":{"@context":"https:\/\/schema.org","@graph":[{"@type":"WebPage","@id":"https:\/\/voyages.erronda.com\/es\/lagence-2\/","url":"https:\/\/voyages.erronda.com\/es\/lagence-2\/","name":"La agencia - Agence \u00e9v\u00e9nementielle au Pays Basque - Erronda Ev\u00e9nements","isPartOf":{"@id":"https:\/\/voyages.erronda.com\/es\/#website"},"primaryImageOfPage":{"@id":"https:\/\/voyages.erronda.com\/es\/lagence-2\/#primaryimage"},"image":{"@id":"https:\/\/voyages.erronda.com\/lagence-2\/#primaryimage"},"thumbnailUrl":"https:\/\/voyages.erronda.com\/wp-content\/uploads\/2023\/05\/en-tete-newsletter.png","datePublished":"2014-10-22T10:27:25+00:00","dateModified":"2023-05-04T14:28:30+00:00","description":"Agence \u00e9v\u00e9nementielle au Pays Basque - Organisation d'\u00c9v\u00e9nement, S\u00e9minaire, Congr\u00e9s, Voyage. D\u00e9couvrir l'ensemble des \u00e9motions \u00e0 vivre au Pays Basque !","breadcrumb":{"@id":"https:\/\/voyages.erronda.com\/es\/lagence-2\/#breadcrumb"},"inLanguage":"es","potentialAction":[{"@type":"ReadAction","target":[["https:\/\/voyages.erronda.com\/es\/lagence-2\/"]]}]},{"@type":"ImageObject","inLanguage":"es","@id":"https:\/\/voyages.erronda.com\/es\/lagence-2\/#primaryimage","url":"https:\/\/voyages.erronda.com\/wp-content\/uploads\/2023\/05\/en-tete-newsletter.png","contentUrl":"https:\/\/voyages.erronda.com\/wp-content\/uploads\/2023\/05\/en-tete-newsletter.png"},{"@type":"BreadcrumbList","@id":"https:\/\/voyages.erronda.com\/es\/lagence-2\/#breadcrumb","itemListElement":[{"@type":"ListItem","position":1,"name":"Home","item":"https:\/\/voyages.erronda.com\/es\/"},{"@type":"ListItem","position":2,"name":"L&rsquo;agence"}]},{"@type":"WebSite","@id":"https:\/\/voyages.erronda.com\/es\/#website","url":"https:\/\/voyages.erronda.com\/es\/","name":"Agence \u00e9v\u00e9nementielle au Pays Basque - Erronda Ev\u00e9nements","description":"Cr\u00e9ateur d\u2019\u00e9v\u00e9nements sportifs, gastronomiques et culturels au Pays Basque","potentialAction":[{"@type":"SearchAction","target":{"@type":"EntryPoint","urlTemplate":"https:\/\/voyages.erronda.com\/es\/?s={search_term_string}"},"query-input":{"@type":"PropertyValueSpecification","valueRequired":true,"valueName":"search_term_string"}}],"inLanguage":"es"}]}},"_links":{"self":[{"href":"https:\/\/voyages.erronda.com\/es\/wp-json\/wp\/v2\/pages\/1749","targetHints":{"allow":["GET"]}}],"collection":[{"href":"https:\/\/voyages.erronda.com\/es\/wp-json\/wp\/v2\/pages"}],"about":[{"href":"https:\/\/voyages.erronda.com\/es\/wp-json\/wp\/v2\/types\/page"}],"author":[{"embeddable":true,"href":"https:\/\/voyages.erronda.com\/es\/wp-json\/wp\/v2\/users\/2"}],"replies":[{"embeddable":true,"href":"https:\/\/voyages.erronda.com\/es\/wp-json\/wp\/v2\/comments?post=1749"}],"version-history":[{"count":49,"href":"https:\/\/voyages.erronda.com\/es\/wp-json\/wp\/v2\/pages\/1749\/revisions"}],"predecessor-version":[{"id":5187,"href":"https:\/\/voyages.erronda.com\/es\/wp-json\/wp\/v2\/pages\/1749\/revisions\/5187"}],"wp:attachment":[{"href":"https:\/\/voyages.erronda.com\/es\/wp-json\/wp\/v2\/media?parent=1749"}],"curies":[{"name":"wp","href":"https:\/\/api.w.org\/{rel}","templated":true}]}}