{"id":87,"date":"2013-12-20T10:37:46","date_gmt":"2013-12-20T09:37:46","guid":{"rendered":"https:\/\/voyages.erronda.com\/?page_id=87"},"modified":"2019-06-10T11:27:01","modified_gmt":"2019-06-10T09:27:01","slug":"le-catalogue-des-emotions","status":"publish","type":"page","link":"https:\/\/voyages.erronda.com\/es\/le-catalogue-des-emotions\/","title":{"rendered":"Cat\u00e1logo de Emociones"},"content":{"rendered":"<p><\/p>\n<p style=\"text-align: center;\">Erronda imagina estancias y prestaciones excepcionales, en el seno de eventos emblem\u00e1ticos del Pa\u00eds Vasco.<\/p>\n<p style=\"text-align: center;\">\u00bfNuestro objetivo? \u00a1Hacerle descubrir lugares y placeres singulares!<\/p>\n<p style=\"text-align: center;\"><strong>Estas son nuestras emociones para vivir sin moderaci\u00f3n\u2026<\/strong><\/p>\n<p><\/p>","protected":false},"excerpt":{"rendered":"<p>Erronda imagina estancias y prestaciones excepcionales, en el seno de eventos emblem\u00e1ticos del Pa\u00eds Vasco. \u00bfNuestro objetivo? \u00a1Hacerle descubrir lugares y placeres singulares! Estas son [&hellip;]<\/p>\n","protected":false},"author":2,"featured_media":0,"parent":0,"menu_order":3,"comment_status":"closed","ping_status":"closed","template":"page-catalogue.php","meta":{"_acf_changed":false,"footnotes":""},"class_list":["post-87","page","type-page","status-publish","hentry"],"acf":[],"yoast_head":"<!-- This site is optimized with the Yoast SEO plugin v27.3 - https:\/\/yoast.com\/product\/yoast-seo-wordpress\/ -->\n<title>Cat\u00e1logo de Emociones - Agence \u00e9v\u00e9nementielle au Pays Basque - Erronda Ev\u00e9nements<\/title>\n<meta name=\"robots\" content=\"index, follow, max-snippet:-1, max-image-preview:large, max-video-preview:-1\" \/>\n<link rel=\"canonical\" href=\"https:\/\/voyages.erronda.com\/es\/catalogue-demotions-nos-creations\/\" \/>\n<meta property=\"og:locale\" content=\"es_ES\" \/>\n<meta property=\"og:type\" content=\"article\" \/>\n<meta property=\"og:title\" content=\"Cat\u00e1logo de Emociones - Agence \u00e9v\u00e9nementielle au Pays Basque - Erronda Ev\u00e9nements\" \/>\n<meta property=\"og:description\" content=\"Erronda imagina estancias y prestaciones excepcionales, en el seno de eventos emblem\u00e1ticos del Pa\u00eds Vasco. \u00bfNuestro objetivo? \u00a1Hacerle descubrir lugares y placeres singulares! Estas son [&hellip;]\" \/>\n<meta property=\"og:url\" content=\"https:\/\/voyages.erronda.com\/es\/catalogue-demotions-nos-creations\/\" \/>\n<meta property=\"og:site_name\" content=\"Agence \u00e9v\u00e9nementielle au Pays Basque - Erronda Ev\u00e9nements\" \/>\n<meta property=\"article:modified_time\" content=\"2019-06-10T09:27:01+00:00\" \/>\n<meta name=\"twitter:card\" content=\"summary_large_image\" \/>\n<meta name=\"twitter:label1\" content=\"Tiempo de lectura\" \/>\n\t<meta name=\"twitter:data1\" content=\"1 minuto\" \/>\n<script type=\"application\/ld+json\" class=\"yoast-schema-graph\">{\"@context\":\"https:\\\/\\\/schema.org\",\"@graph\":[{\"@type\":\"WebPage\",\"@id\":\"https:\\\/\\\/voyages.erronda.com\\\/es\\\/catalogue-demotions-nos-creations\\\/\",\"url\":\"https:\\\/\\\/voyages.erronda.com\\\/es\\\/catalogue-demotions-nos-creations\\\/\",\"name\":\"Cat\u00e1logo de Emociones - Agence \u00e9v\u00e9nementielle au Pays Basque - Erronda Ev\u00e9nements\",\"isPartOf\":{\"@id\":\"https:\\\/\\\/voyages.erronda.com\\\/es\\\/#website\"},\"datePublished\":\"2013-12-20T09:37:46+00:00\",\"dateModified\":\"2019-06-10T09:27:01+00:00\",\"breadcrumb\":{\"@id\":\"https:\\\/\\\/voyages.erronda.com\\\/es\\\/catalogue-demotions-nos-creations\\\/#breadcrumb\"},\"inLanguage\":\"es\",\"potentialAction\":[{\"@type\":\"ReadAction\",\"target\":[[\"https:\\\/\\\/voyages.erronda.com\\\/es\\\/catalogue-demotions-nos-creations\\\/\"]]}]},{\"@type\":\"BreadcrumbList\",\"@id\":\"https:\\\/\\\/voyages.erronda.com\\\/es\\\/catalogue-demotions-nos-creations\\\/#breadcrumb\",\"itemListElement\":[{\"@type\":\"ListItem\",\"position\":1,\"name\":\"Home\",\"item\":\"https:\\\/\\\/voyages.erronda.com\\\/es\\\/\"},{\"@type\":\"ListItem\",\"position\":2,\"name\":\"Le catalogue d&rsquo;\u00e9motions\"}]},{\"@type\":\"WebSite\",\"@id\":\"https:\\\/\\\/voyages.erronda.com\\\/es\\\/#website\",\"url\":\"https:\\\/\\\/voyages.erronda.com\\\/es\\\/\",\"name\":\"Agence \u00e9v\u00e9nementielle au Pays Basque - Erronda Ev\u00e9nements\",\"description\":\"Cr\u00e9ateur d\u2019\u00e9v\u00e9nements sportifs, gastronomiques et culturels au Pays Basque\",\"potentialAction\":[{\"@type\":\"SearchAction\",\"target\":{\"@type\":\"EntryPoint\",\"urlTemplate\":\"https:\\\/\\\/voyages.erronda.com\\\/es\\\/?s={search_term_string}\"},\"query-input\":{\"@type\":\"PropertyValueSpecification\",\"valueRequired\":true,\"valueName\":\"search_term_string\"}}],\"inLanguage\":\"es\"}]}<\/script>\n<!-- \/ Yoast SEO plugin. -->","yoast_head_json":{"title":"Cat\u00e1logo de Emociones - Agence \u00e9v\u00e9nementielle au Pays Basque - Erronda Ev\u00e9nements","robots":{"index":"index","follow":"follow","max-snippet":"max-snippet:-1","max-image-preview":"max-image-preview:large","max-video-preview":"max-video-preview:-1"},"canonical":"https:\/\/voyages.erronda.com\/es\/catalogue-demotions-nos-creations\/","og_locale":"es_ES","og_type":"article","og_title":"Cat\u00e1logo de Emociones - Agence \u00e9v\u00e9nementielle au Pays Basque - Erronda Ev\u00e9nements","og_description":"Erronda imagina estancias y prestaciones excepcionales, en el seno de eventos emblem\u00e1ticos del Pa\u00eds Vasco. \u00bfNuestro objetivo? \u00a1Hacerle descubrir lugares y placeres singulares! Estas son [&hellip;]","og_url":"https:\/\/voyages.erronda.com\/es\/catalogue-demotions-nos-creations\/","og_site_name":"Agence \u00e9v\u00e9nementielle au Pays Basque - Erronda Ev\u00e9nements","article_modified_time":"2019-06-10T09:27:01+00:00","twitter_card":"summary_large_image","twitter_misc":{"Tiempo de lectura":"1 minuto"},"schema":{"@context":"https:\/\/schema.org","@graph":[{"@type":"WebPage","@id":"https:\/\/voyages.erronda.com\/es\/catalogue-demotions-nos-creations\/","url":"https:\/\/voyages.erronda.com\/es\/catalogue-demotions-nos-creations\/","name":"Cat\u00e1logo de Emociones - Agence \u00e9v\u00e9nementielle au Pays Basque - Erronda Ev\u00e9nements","isPartOf":{"@id":"https:\/\/voyages.erronda.com\/es\/#website"},"datePublished":"2013-12-20T09:37:46+00:00","dateModified":"2019-06-10T09:27:01+00:00","breadcrumb":{"@id":"https:\/\/voyages.erronda.com\/es\/catalogue-demotions-nos-creations\/#breadcrumb"},"inLanguage":"es","potentialAction":[{"@type":"ReadAction","target":[["https:\/\/voyages.erronda.com\/es\/catalogue-demotions-nos-creations\/"]]}]},{"@type":"BreadcrumbList","@id":"https:\/\/voyages.erronda.com\/es\/catalogue-demotions-nos-creations\/#breadcrumb","itemListElement":[{"@type":"ListItem","position":1,"name":"Home","item":"https:\/\/voyages.erronda.com\/es\/"},{"@type":"ListItem","position":2,"name":"Le catalogue d&rsquo;\u00e9motions"}]},{"@type":"WebSite","@id":"https:\/\/voyages.erronda.com\/es\/#website","url":"https:\/\/voyages.erronda.com\/es\/","name":"Agence \u00e9v\u00e9nementielle au Pays Basque - Erronda Ev\u00e9nements","description":"Cr\u00e9ateur d\u2019\u00e9v\u00e9nements sportifs, gastronomiques et culturels au Pays Basque","potentialAction":[{"@type":"SearchAction","target":{"@type":"EntryPoint","urlTemplate":"https:\/\/voyages.erronda.com\/es\/?s={search_term_string}"},"query-input":{"@type":"PropertyValueSpecification","valueRequired":true,"valueName":"search_term_string"}}],"inLanguage":"es"}]}},"_links":{"self":[{"href":"https:\/\/voyages.erronda.com\/es\/wp-json\/wp\/v2\/pages\/87","targetHints":{"allow":["GET"]}}],"collection":[{"href":"https:\/\/voyages.erronda.com\/es\/wp-json\/wp\/v2\/pages"}],"about":[{"href":"https:\/\/voyages.erronda.com\/es\/wp-json\/wp\/v2\/types\/page"}],"author":[{"embeddable":true,"href":"https:\/\/voyages.erronda.com\/es\/wp-json\/wp\/v2\/users\/2"}],"replies":[{"embeddable":true,"href":"https:\/\/voyages.erronda.com\/es\/wp-json\/wp\/v2\/comments?post=87"}],"version-history":[{"count":19,"href":"https:\/\/voyages.erronda.com\/es\/wp-json\/wp\/v2\/pages\/87\/revisions"}],"predecessor-version":[{"id":3878,"href":"https:\/\/voyages.erronda.com\/es\/wp-json\/wp\/v2\/pages\/87\/revisions\/3878"}],"wp:attachment":[{"href":"https:\/\/voyages.erronda.com\/es\/wp-json\/wp\/v2\/media?parent=87"}],"curies":[{"name":"wp","href":"https:\/\/api.w.org\/{rel}","templated":true}]}}