{"id":9,"date":"2012-02-13T18:02:10","date_gmt":"2012-02-13T18:02:10","guid":{"rendered":"https:\/\/voyages.erronda.com\/?page_id=9"},"modified":"2017-01-24T11:07:01","modified_gmt":"2017-01-24T10:07:01","slug":"mentions-legales","status":"publish","type":"page","link":"https:\/\/voyages.erronda.com\/es\/mentions-legales\/","title":{"rendered":"Informaci\u00f3n Legal"},"content":{"rendered":"<p><\/p>\n<h2>Informations g\u00e9n\u00e9rales<\/h2>\n<p><strong>D\u00e9nomination<\/strong><\/p>\n<p>Responsable de la publication :<\/p>\n<p>Conception et r\u00e9alisation du site : <a title=\"Agence Web Bayonne, rezo 21\" href=\"http:\/\/www.rezo21.net\/\" target=\"_blank\">rezo 21, agence web bayonne pays basque<\/a><\/p>\n<h2>Copyright<\/h2>\n<p>L\u2019ensemble de ce site rel\u00e8ve de la l\u00e9gislation fran\u00e7aise et internationale sur les droits d\u2019auteur et la propri\u00e9t\u00e9 intellectuelle. Tous les droits de reproduction sont r\u00e9serv\u00e9s. La reproduction de tout ou partie de ce site sur quelque support que ce soit est formellement interdite sauf autorisation expresse et pr\u00e9alable du directeur de la publication. La reproduction des textes de ce site sur un support papier est autoris\u00e9e, sous r\u00e9serve du respect des conditions suivantes : gratuit\u00e9 de la diffusion, respect de l\u2019int\u00e9grit\u00e9 des documents reproduits : pas de modification ni alt\u00e9ration d\u2019aucune sorte, citation claire et lisible de la source.<\/p>\n<h2>Traitement des donn\u00e9es personnelles<\/h2>\n<p>Les informations recueillies aupr\u00e8s des personnes par le biais des formulaires de contact ou par l\u2019envoi de messages \u00e9lectroniques sont destin\u00e9es exclusivement \u00e0 l\u2019usage de ce site Internet. Elles ne sont en aucun cas communiqu\u00e9es \u00e0 des tiers.<\/p>\n<p>Conform\u00e9ment aux articles 39 et suivants de la loi n\u00b0 78-17 du 6 janvier 1978 relative \u00e0 l\u2019informatique, aux fichiers et aux libert\u00e9s, toute personne peut obtenir communication et, le cas \u00e9ch\u00e9ant, rectification ou suppression des informations la concernant, en s\u2019adressant au directeur de publication. Toute personne peut \u00e9galement, pour des motifs l\u00e9gitimes, s\u2019opposer au traitement des donn\u00e9es la concernant.<\/p>\n<h2>H\u00e9bergement<\/h2>\n<p><strong>rezo 21<\/strong><br \/>\nLes Pyramides, 4 route de Pitoys, 64600 Anglet<br \/>\nT\u00e9l. : 05 59 20 89 97 et 06 03 54 07 30<br \/>\nFax : 08 11 38 46 68<br \/>\nAdresse e-mail : <a href=\"mailto:contact@rezo21.net\">contact@rezo21.net<\/a><\/p>\n<p><\/p>","protected":false},"excerpt":{"rendered":"<p>Informations g\u00e9n\u00e9rales D\u00e9nomination Responsable de la publication : Conception et r\u00e9alisation du site : rezo 21, agence web bayonne pays basque Copyright L\u2019ensemble de ce [&hellip;]<\/p>\n","protected":false},"author":2,"featured_media":0,"parent":0,"menu_order":10,"comment_status":"closed","ping_status":"closed","template":"","meta":{"_acf_changed":false,"footnotes":""},"class_list":["post-9","page","type-page","status-publish","hentry"],"acf":[],"yoast_head":"<!-- This site is optimized with the Yoast SEO plugin v27.3 - https:\/\/yoast.com\/product\/yoast-seo-wordpress\/ -->\n<title>Mentions l\u00e9galesLegal NoticesInformaci\u00f3n Legal - Agence \u00e9v\u00e9nementielle au Pays Basque - Erronda Ev\u00e9nements<\/title>\n<meta name=\"robots\" content=\"index, follow, max-snippet:-1, max-image-preview:large, max-video-preview:-1\" \/>\n<link rel=\"canonical\" href=\"https:\/\/voyages.erronda.com\/es\/mentions-legales\/\" \/>\n<meta property=\"og:locale\" content=\"es_ES\" \/>\n<meta property=\"og:type\" content=\"article\" \/>\n<meta property=\"og:title\" content=\"Mentions l\u00e9galesLegal NoticesInformaci\u00f3n Legal - Agence \u00e9v\u00e9nementielle au Pays Basque - Erronda Ev\u00e9nements\" \/>\n<meta property=\"og:description\" content=\"Informations g\u00e9n\u00e9rales D\u00e9nomination Responsable de la publication : Conception et r\u00e9alisation du site : rezo 21, agence web bayonne pays basque Copyright L\u2019ensemble de ce [&hellip;]\" \/>\n<meta property=\"og:url\" content=\"https:\/\/voyages.erronda.com\/es\/mentions-legales\/\" \/>\n<meta property=\"og:site_name\" content=\"Agence \u00e9v\u00e9nementielle au Pays Basque - Erronda Ev\u00e9nements\" \/>\n<meta property=\"article:modified_time\" content=\"2017-01-24T10:07:01+00:00\" \/>\n<meta name=\"twitter:card\" content=\"summary_large_image\" \/>\n<meta name=\"twitter:label1\" content=\"Tiempo de lectura\" \/>\n\t<meta name=\"twitter:data1\" content=\"4 minutos\" \/>\n<script type=\"application\/ld+json\" class=\"yoast-schema-graph\">{\"@context\":\"https:\\\/\\\/schema.org\",\"@graph\":[{\"@type\":\"WebPage\",\"@id\":\"https:\\\/\\\/voyages.erronda.com\\\/es\\\/mentions-legales\\\/\",\"url\":\"https:\\\/\\\/voyages.erronda.com\\\/es\\\/mentions-legales\\\/\",\"name\":\"Mentions l\u00e9galesLegal NoticesInformaci\u00f3n Legal - Agence \u00e9v\u00e9nementielle au Pays Basque - Erronda Ev\u00e9nements\",\"isPartOf\":{\"@id\":\"https:\\\/\\\/voyages.erronda.com\\\/es\\\/#website\"},\"datePublished\":\"2012-02-13T18:02:10+00:00\",\"dateModified\":\"2017-01-24T10:07:01+00:00\",\"breadcrumb\":{\"@id\":\"https:\\\/\\\/voyages.erronda.com\\\/es\\\/mentions-legales\\\/#breadcrumb\"},\"inLanguage\":\"es\",\"potentialAction\":[{\"@type\":\"ReadAction\",\"target\":[[\"https:\\\/\\\/voyages.erronda.com\\\/es\\\/mentions-legales\\\/\"]]}]},{\"@type\":\"BreadcrumbList\",\"@id\":\"https:\\\/\\\/voyages.erronda.com\\\/es\\\/mentions-legales\\\/#breadcrumb\",\"itemListElement\":[{\"@type\":\"ListItem\",\"position\":1,\"name\":\"Home\",\"item\":\"https:\\\/\\\/voyages.erronda.com\\\/es\\\/\"},{\"@type\":\"ListItem\",\"position\":2,\"name\":\"Legal Notices\"}]},{\"@type\":\"WebSite\",\"@id\":\"https:\\\/\\\/voyages.erronda.com\\\/es\\\/#website\",\"url\":\"https:\\\/\\\/voyages.erronda.com\\\/es\\\/\",\"name\":\"Agence \u00e9v\u00e9nementielle au Pays Basque - Erronda Ev\u00e9nements\",\"description\":\"Cr\u00e9ateur d\u2019\u00e9v\u00e9nements sportifs, gastronomiques et culturels au Pays Basque\",\"potentialAction\":[{\"@type\":\"SearchAction\",\"target\":{\"@type\":\"EntryPoint\",\"urlTemplate\":\"https:\\\/\\\/voyages.erronda.com\\\/es\\\/?s={search_term_string}\"},\"query-input\":{\"@type\":\"PropertyValueSpecification\",\"valueRequired\":true,\"valueName\":\"search_term_string\"}}],\"inLanguage\":\"es\"}]}<\/script>\n<!-- \/ Yoast SEO plugin. -->","yoast_head_json":{"title":"Mentions l\u00e9galesLegal NoticesInformaci\u00f3n Legal - Agence \u00e9v\u00e9nementielle au Pays Basque - Erronda Ev\u00e9nements","robots":{"index":"index","follow":"follow","max-snippet":"max-snippet:-1","max-image-preview":"max-image-preview:large","max-video-preview":"max-video-preview:-1"},"canonical":"https:\/\/voyages.erronda.com\/es\/mentions-legales\/","og_locale":"es_ES","og_type":"article","og_title":"Mentions l\u00e9galesLegal NoticesInformaci\u00f3n Legal - Agence \u00e9v\u00e9nementielle au Pays Basque - Erronda Ev\u00e9nements","og_description":"Informations g\u00e9n\u00e9rales D\u00e9nomination Responsable de la publication : Conception et r\u00e9alisation du site : rezo 21, agence web bayonne pays basque Copyright L\u2019ensemble de ce [&hellip;]","og_url":"https:\/\/voyages.erronda.com\/es\/mentions-legales\/","og_site_name":"Agence \u00e9v\u00e9nementielle au Pays Basque - Erronda Ev\u00e9nements","article_modified_time":"2017-01-24T10:07:01+00:00","twitter_card":"summary_large_image","twitter_misc":{"Tiempo de lectura":"4 minutos"},"schema":{"@context":"https:\/\/schema.org","@graph":[{"@type":"WebPage","@id":"https:\/\/voyages.erronda.com\/es\/mentions-legales\/","url":"https:\/\/voyages.erronda.com\/es\/mentions-legales\/","name":"Mentions l\u00e9galesLegal NoticesInformaci\u00f3n Legal - Agence \u00e9v\u00e9nementielle au Pays Basque - Erronda Ev\u00e9nements","isPartOf":{"@id":"https:\/\/voyages.erronda.com\/es\/#website"},"datePublished":"2012-02-13T18:02:10+00:00","dateModified":"2017-01-24T10:07:01+00:00","breadcrumb":{"@id":"https:\/\/voyages.erronda.com\/es\/mentions-legales\/#breadcrumb"},"inLanguage":"es","potentialAction":[{"@type":"ReadAction","target":[["https:\/\/voyages.erronda.com\/es\/mentions-legales\/"]]}]},{"@type":"BreadcrumbList","@id":"https:\/\/voyages.erronda.com\/es\/mentions-legales\/#breadcrumb","itemListElement":[{"@type":"ListItem","position":1,"name":"Home","item":"https:\/\/voyages.erronda.com\/es\/"},{"@type":"ListItem","position":2,"name":"Legal Notices"}]},{"@type":"WebSite","@id":"https:\/\/voyages.erronda.com\/es\/#website","url":"https:\/\/voyages.erronda.com\/es\/","name":"Agence \u00e9v\u00e9nementielle au Pays Basque - Erronda Ev\u00e9nements","description":"Cr\u00e9ateur d\u2019\u00e9v\u00e9nements sportifs, gastronomiques et culturels au Pays Basque","potentialAction":[{"@type":"SearchAction","target":{"@type":"EntryPoint","urlTemplate":"https:\/\/voyages.erronda.com\/es\/?s={search_term_string}"},"query-input":{"@type":"PropertyValueSpecification","valueRequired":true,"valueName":"search_term_string"}}],"inLanguage":"es"}]}},"_links":{"self":[{"href":"https:\/\/voyages.erronda.com\/es\/wp-json\/wp\/v2\/pages\/9","targetHints":{"allow":["GET"]}}],"collection":[{"href":"https:\/\/voyages.erronda.com\/es\/wp-json\/wp\/v2\/pages"}],"about":[{"href":"https:\/\/voyages.erronda.com\/es\/wp-json\/wp\/v2\/types\/page"}],"author":[{"embeddable":true,"href":"https:\/\/voyages.erronda.com\/es\/wp-json\/wp\/v2\/users\/2"}],"replies":[{"embeddable":true,"href":"https:\/\/voyages.erronda.com\/es\/wp-json\/wp\/v2\/comments?post=9"}],"version-history":[{"count":5,"href":"https:\/\/voyages.erronda.com\/es\/wp-json\/wp\/v2\/pages\/9\/revisions"}],"predecessor-version":[{"id":3203,"href":"https:\/\/voyages.erronda.com\/es\/wp-json\/wp\/v2\/pages\/9\/revisions\/3203"}],"wp:attachment":[{"href":"https:\/\/voyages.erronda.com\/es\/wp-json\/wp\/v2\/media?parent=9"}],"curies":[{"name":"wp","href":"https:\/\/api.w.org\/{rel}","templated":true}]}}